{"id":355,"date":"2013-01-22T08:03:55","date_gmt":"2013-01-22T08:03:55","guid":{"rendered":"http:\/\/www.wonderflu.com\/test\/?page_id=355"},"modified":"2016-03-09T00:26:32","modified_gmt":"2016-03-08T23:26:32","slug":"press","status":"publish","type":"page","link":"https:\/\/www.wonderflu.com\/en\/press\/","title":{"rendered":"PRESS"},"content":{"rendered":"<map id=\"Map\" name=\"imagemap\">\n<area tabindex=\"1\" title=\"Accueil\" coords=\"180,00,630,120\" shape=\"rect\" href=\"http:\/\/www.wonderflu.com\/accueil\" \/>\n<area title=\"Accueil\" coords=\"65,115,170,190\" shape=\"rect\" href=\"http:\/\/www.wonderflu.com\/accueil\" \/> <\/map>\n<p><img data-recalc-dims=\"1\" loading=\"lazy\" decoding=\"async\" class=\"size-full wp-image-3002 aligncenter\" src=\"https:\/\/i0.wp.com\/www.wonderflu.com\/wp-content\/uploads\/2013\/01\/bobdylan.jpg?resize=450%2C328\" alt=\"Bob Dylan\" width=\"450\" height=\"328\" srcset=\"https:\/\/i0.wp.com\/www.wonderflu.com\/en\/wp-content\/uploads\/2013\/01\/bobdylan.jpg?w=450&amp;ssl=1 450w, https:\/\/i0.wp.com\/www.wonderflu.com\/en\/wp-content\/uploads\/2013\/01\/bobdylan.jpg?resize=300%2C218&amp;ssl=1 300w\" sizes=\"(max-width: 450px) 100vw, 450px\" \/><\/p>\n<p>&nbsp;<\/p>\n<p style=\"text-align: left;\"><em>\"six titres grungy de coeur<br \/>\net poppy dans l'\u00e2me\"<\/em><br \/>\n<a href=\"https:\/\/i0.wp.com\/www.wonderflu.com\/wp-content\/uploads\/2013\/01\/NewNoise32-Wonderflu.jpg\"><img data-recalc-dims=\"1\" loading=\"lazy\" decoding=\"async\" class=\"size-medium wp-image-4233 alignnone\" src=\"https:\/\/i0.wp.com\/www.wonderflu.com\/wp-content\/uploads\/2013\/01\/NewNoise32-Wonderflu-169x300.jpg?resize=169%2C300\" alt=\"NewNoise32-Wonderflu\" width=\"169\" height=\"300\" \/><\/a><br \/>\n<a href=\"http:\/\/noisemag.net\" target=\"_blank\">New Noise<\/a><\/p>\n<p style=\"text-align: center;\"><em>\"A part en \u00e9ditant une s\u00e9rie limit\u00e9e<br \/>\ncontenant des poils de torse de Bob Mould,<br \/>\nimpossible d'\u00eatre plus clair<br \/>\nque Wonderflu.<br \/>\nLeur indie rock tradi,<br \/>\nils le revendiquent<br \/>\net le font d'une des seules fa\u00e7ons<br \/>\nacceptables en 2013 :<br \/>\nrespectueusement,<br \/>\nmodestement,<br \/>\net l\u00e9g\u00e8rement\"<\/em><br \/>\n<a href=\"http:\/\/i2.wp.com\/www.wonderflu.com\/blog\/wp-content\/uploads\/2013\/12\/newnoise.png?resize=325%2C786\">New Noise<\/a><\/p>\n<p style=\"text-align: right;\"><i>\"C'est EXCELLENT !<br \/>\nCes jeunes Sonics !!<br \/>\nLa classe internationale,<br \/>\nles influences affluent<br \/>\nmais pour la bonne cause\"<\/i><br \/>\n<b>Dom Kiris<span style=\"text-decoration: underline;\"><br \/>\n<\/span>(OUI FM)<\/b><\/p>\n<p style=\"text-align: left;\"><em>\"These guys write<\/em><br \/>\n<em> and record <\/em><br \/>\n<em>loud rock <\/em><br \/>\n<em>that features <\/em><br \/>\n<em>incredibly cool<br \/>\nelectric guitars <\/em><br \/>\n<em>and a vocalist who<\/em><br \/>\n<em> can really activate\"<\/em><br \/>\n<a href=\"http:\/\/www.babysue.com\/2013-April-LMNOP-Reviews.html#anchor441372\">Baby Sue<\/a><\/p>\n<p style=\"text-align: right;\"><em>\"les mecs ont une constante:<br \/>\nun sens plut\u00f4t<br \/>\nextraordinaire<br \/>\nde la m\u00e9lodie\"<\/em><br \/>\n<a href=\"http:\/\/www.mowno.com\/disques\/wonderflu-whats-inside-the-heart-of-seashells\/\">Mowno<\/a><\/p>\n<p style=\"text-align: center;\"><img decoding=\"async\" src=\"http:\/\/i2.wp.com\/www.wonderflu.com\/blog\/wp-content\/uploads\/2014\/06\/sudouest.png\" alt=\"\" \/><br \/>\n<i>\"ce quator parisien balance<br \/>\nun rock sensible et puissant<br \/>\nsur des EP excitants<br \/>\nde bout en bout\"<\/i><br \/>\n<strong>St\u00e9phane C. Jonathan<\/strong><br \/>\n(in SudOuest<br \/>\nand on\u00a0<a href=\"http:\/\/musique.blogs.sudouest.fr\/archive\/2014\/05\/29\/wonderflu-1022221.html\">his blog<\/a>)<\/p>\n<p style=\"text-align: right;\"><i>\"Wonderflu sait l\u00e2cher<br \/>\nles d\u00e9cibels cradingues<br \/>\nsans jamais oublier<br \/>\nqu'une bonne chanson<br \/>\ndoit poss\u00e9der une m\u00e9lodie forte\"<\/i><br \/>\n<a href=\"http:\/\/sortir.telerama.fr\/concerts\/wonderflu,20799.php\">Fr\u00e9d\u00e9ric P\u00e9guillan<br \/>\n(Telerama)<\/a><\/p>\n<p><a href=\"http:\/\/issuu.com\/performermagazine\/docs\/1307_web\/45?e=5397502\/3802743\"><img data-recalc-dims=\"1\" decoding=\"async\" class=\"aligncenter\" src=\"https:\/\/i0.wp.com\/www.wonderflu.com\/wp-content\/uploads\/2013\/07\/performermag.png?w=625\" alt=\"\" \/><\/a><\/p>\n<p style=\"text-align: center;\"><em>\"Rough, gritty<br \/>\nindie rock<br \/>\nof Parisian descent\"<\/em><br \/>\n<a href=\"http:\/\/performermag.com\/wonderflu-no-end-in-sight-review\/\">Performer Magazine<\/a><\/p>\n<p>&nbsp;<\/p>\n<p style=\"text-align: left;\"><em>\"great distorted guitar riffs<br \/>\nand crashing drums\"<\/em><br \/>\n<a href=\"http:\/\/www.elusivelittlecomments.co.uk\/2013\/03\/wonderflu-no-end-in-sight-elusive.html\" class=\"broken_link\">Elusive Little Comments<\/a><\/p>\n<p style=\"text-align: right;\"><em>\"@wonderflurock sait \u00e9crire<br \/>\nde bons morceaux grunge\"<br \/>\n<\/em><a href=\"http:\/\/dumdum.fr\/album\/chrotweet\/wonderflu\">DumDum<\/a><\/p>\n<p style=\"text-align: left;\"><em>\"power chords and guitar solos<br \/>\nof post-<\/em><i>Nevermind<\/i><em>\u00a0indie rock\"<\/em><br \/>\n<a href=\"http:\/\/www.cooldadmusic.com\/2013\/02\/1990s-indie-rock-is-alive-and-well-in.html\">CoolDad Music<\/a><\/p>\n<p style=\"text-align: center;\"><img data-recalc-dims=\"1\" loading=\"lazy\" decoding=\"async\" class=\"aligncenter size-medium wp-image-3194\" src=\"https:\/\/i0.wp.com\/www.wonderflu.com\/wp-content\/uploads\/2013\/01\/hihi-300x59.png?resize=300%2C59\" alt=\"hihi\" width=\"300\" height=\"59\" \/><a href=\"http:\/\/hihiwhoopee.tumblr.com\/post\/46816798862\/monthly-bandcamp-03-2013\">Hi-Hi Whoopee<\/a><\/p>\n<p style=\"text-align: left;\"><i>\"I just can\u2019t wait to see<br \/>\nwhat they\u2019ll do in the future\"<\/i><br \/>\n<a href=\"http:\/\/mysterytricycle.com\/wonderflu-lota-schwager-ep-2010\" class=\"broken_link\">Mystery Tricycle<\/a><\/p>\n<p style=\"text-align: right;\"><i>\"wondrous, artistic music<br \/>\nthat is not pretentious<br \/>\nbut real and full of surprises\"<\/i><br \/>\n<a href=\"http:\/\/b.indie-shows.com\/post\/1658723624\/the-wondrous-wonderflu\" class=\"broken_link\">IndieShows Blog<\/a><\/p>\n<p style=\"text-align: left;\"><i>\"Some things however<br \/>\nare worth bringing to wider attention,<br \/>\nsuch as this, the latest EP<br \/>\nby<br \/>\nPavement-esque<br \/>\nParisien<br \/>\nband<br \/>\nWonderflu\"<\/i><br \/>\n<a href=\"http:\/\/russellsmusicreviews.blogspot.com\/2010\/12\/clearing-out-my-inbox-no1-wonderflu.html\">Russell's Reviews<\/a><\/p>\n<p><img data-recalc-dims=\"1\" loading=\"lazy\" decoding=\"async\" class=\"wp-image-3554 aligncenter\" src=\"https:\/\/i0.wp.com\/www.wonderflu.com\/wp-content\/uploads\/2013\/01\/longueur-dondes.jpg?resize=182%2C350\" alt=\"longueur d'ondes\" width=\"182\" height=\"350\" \/><\/p>\n<p style=\"text-align: center;\"><i>\"le son, les m\u00e9lodies<br \/>\net de l'\u00e9nergie<br \/>\npour tous les slameurs<br \/>\nen herbe et confirm\u00e9s\"<\/i><br \/>\n<strong> Abus Dangereux<\/strong><\/p>\n<p>&nbsp;<\/p>\n<p style=\"text-align: right;\"><i>\"un pied dans la tombe\"<\/i><br \/>\n<a href=\"http:\/\/www.indierockmag.com\/article21970.html\">Indie Rock Mag<\/a><\/p>\n<p style=\"text-align: left;\"><i>\"si j\u2019\u00e9tais<br \/>\nprogrammateur de salle,<br \/>\nla prochaine<br \/>\npremi\u00e8re partie<br \/>\ndu concert<br \/>\nparisien<br \/>\nde la bande \u00e0<br \/>\nMascis serait d\u00e9j\u00e0<br \/>\ntoute trouv\u00e9e\"<\/i><br \/>\n<a href=\"http:\/\/www.popnews.com\/popnews\/wonderflu-no-end-in-sight\">POPnews<\/a><\/p>\n<p style=\"text-align: right;\"><i>\"il ne vous reste plus qu\u2019\u00e0<br \/>\n(re)sortir vos chemises \u00e0 carreaux,<br \/>\nvos jeans d\u00e9chir\u00e9s<br \/>\net guetter si Wonderflu<br \/>\nne passe pas en concert<br \/>\npr\u00e8s de chez vous.\"<\/i><br \/>\n<a href=\"http:\/\/foutraque.com\/chronique_disque.php?id=4466\">Foutraque<\/a><\/p>\n<p style=\"text-align: left;\"><i>\"un rock presque slacker,<br \/>\naccrocheur\"<\/i><br \/>\n<a href=\"http:\/\/www.xsilence.net\/disque-8858.htm\">XSILENCE<\/a><\/p>\n<p><img data-recalc-dims=\"1\" decoding=\"async\" class=\"aligncenter\" src=\"https:\/\/i0.wp.com\/www.babysue.com\/headsm5.GIF?w=625\" alt=\"\" \/><\/p>\n<p style=\"text-align: left;\"><i>\"the more we spin this one...<br \/>\nthe more we love it\"<\/i><br \/>\n<a href=\"http:\/\/www.babysue.com\/2010-Nov-LMNOP-Reviews.html#anchor137358\">Baby Sue<\/a><\/p>\n<p style=\"text-align: right;\"><i>\"fuzzy 90s inspired power pop<br \/>\nand more-than-pissed<br \/>\nvocal delivery\"<\/i><br \/>\n<a href=\"http:\/\/spacerockmountain.blogspot.fr\/2013\/06\/ep-grab-bag-vol-34.html\">Spacerockmountain<\/a><\/p>\n<p style=\"text-align: left;\"><i>\"Eight track EP?<br \/>\nWhy isn\u2019t it an album?!\"<\/i><br \/>\n<a href=\"http:\/\/www.echoesanddust.com\/Reviews\/Albums\/2010\/12_December\/RoundUp\/DecemberRoundup.html\">Echoes and Dust<\/a><\/p>\n<p style=\"text-align: right;\"><i>\"c'est de la pure noisy pop\"<\/i><br \/>\n<a href=\"http:\/\/blogs.lesinrocks.com\/gimmeindierock\/2010\/09\/13\/wonderflusocial-square\/\">Gimme Indie Rock<\/a><\/p>\n<p><a href=\"http:\/\/blogs.lesinrocks.com\/gimmeindierock\/2010\/09\/13\/wonderflusocial-square\/\"><img data-recalc-dims=\"1\" loading=\"lazy\" decoding=\"async\" class=\"aligncenter\" src=\"https:\/\/i0.wp.com\/www.wonderflu.com\/en\/wp-content\/uploads\/2013\/01\/wonderflu11-1024x702-300x205.png?resize=300%2C205\" alt=\"Halfbob\" width=\"300\" height=\"205\" \/><\/a><\/p>\n<p><i>\"les m\u00e9lodies sous l'\u00e9lectricit\u00e9\"<\/i><br \/>\n<a href=\"http:\/\/www.indierockmag.com\/article12144.html\">Indie Rock Mag<\/a><\/p>\n<p style=\"text-align: right;\"><i>\"this band [is] in our radar<br \/>\nfor 2011\"<\/i><br \/>\n<a href=\"http:\/\/www.indierockcafe.com\/2010\/11\/dee-mail-best-indie-rock-songs-from-mailbag\/\">indie rock caf\u00e9<\/a><\/p>\n<p style=\"text-align: left;\"><em>\"dans le paysage<br \/>\ndu rock ind\u00e9 frenchy,<br \/>\nWonderflu<br \/>\n<\/em><em>n\u2019est pas superflu\"<br \/>\n<\/em><a href=\"http:\/\/www.afternoun.com\/?p=1276\">douilles de rockeur<\/a><\/p>\n<p style=\"text-align: right;\"><em id=\"__mceDel\"><i>\"I forgot<br \/>\nhow much I liked<br \/>\nWonderflu\"<\/i><br \/>\n<\/em><a href=\"http:\/\/www.racecarspacecar.com\/2011\/11\/05\/wonderflu-lota-schwager-ep\/\" class=\"broken_link\">racecar spacecar<\/a><\/p>\n<p style=\"text-align: left;\"><i>\"intelligence de la construction\"<\/i><br \/>\n<a href=\"http:\/\/www.indiepoprock.fr\/autoprod-septembre-2010\/\">indiepoprock<\/a><\/p>\n<p style=\"text-align: right;\"><i>\"le dernier opium du peuple\"<\/i><br \/>\n<a href=\"http:\/\/www.adecouvrirabsolument.com\/chroniques\/autoproduits\/wonderflu-4061.html\">A d\u00e9couvrir absolument<\/a><\/p>\n<p style=\"text-align: left;\"><em>\"condens\u00e9 d\u2019\u00e9tincelles \u00e9lectriques\"<\/em><br \/>\n<a href=\"http:\/\/exitmusicforablog.blog4ever.com\/blog\/lire-article-715728-9812289-wonderflu___no_end_in_sight__influenza_records_.html\">Exitmusicforablog<\/a><\/p>\n<p style=\"text-align: right;\"><i>\"c'est vraiment une honte\"<\/i><br \/>\n<a href=\"http:\/\/www.indawave.com\/article\/2281-wonderflu-lota-schwager-1er-ep\/\">In da Wave<\/a><\/p>\n<p style=\"text-align: left;\"><i>\"It's a wonderflu world\"<\/i><br \/>\n<a href=\"http:\/\/90plan.ovh.net\/~lamagicb\/Autoproductions.php3#4206\">La MagicBox<\/a><\/p>\n<p style=\"text-align: right;\"><i>\"Cet EP n'aurait pas \u00e0 rougir<br \/>\ndans votre discoth\u00e8que\"<\/i><br \/>\n<a href=\"http:\/\/www.rocknfrance.com\/a12071f-wonderflu-lota-schwager\" class=\"broken_link\">ROCK'N'FRANCE<\/a><\/p>\n<p style=\"text-align: left;\"><i>\"huit chansons aussi insoumises qu'\u00e9l\u00e9gantes\"<\/i><br \/>\n<a href=\"http:\/\/www.muzzart.fr\/lezine\/chronik\/wonderflu-lota-schwager.html\" class=\"broken_link\">MUZZART<\/a><\/p>\n<p style=\"text-align: right;\"><i>\"Loro dicono che Indierock<br \/>\noggi non voglia dire niente<br \/>\ne allora ci provano a definirlo<br \/>\ncon questo disco\"<\/i><br \/>\n<a href=\"http:\/\/www.elrocco.net\/2014\/04\/whats-inside-wonderflu.html\" class=\"broken_link\">Discheria ElRocco<\/a><\/p>\n<p style=\"text-align: center;\"><img data-recalc-dims=\"1\" loading=\"lazy\" decoding=\"async\" class=\"aligncenter size-medium wp-image-3110\" src=\"https:\/\/i0.wp.com\/www.wonderflu.com\/en\/wp-content\/uploads\/2013\/01\/kurt-200x300.jpg?resize=200%2C300\" alt=\"Kurt\" width=\"200\" height=\"300\" srcset=\"https:\/\/i0.wp.com\/www.wonderflu.com\/en\/wp-content\/uploads\/2013\/01\/kurt.jpg?resize=200%2C300&amp;ssl=1 200w, https:\/\/i0.wp.com\/www.wonderflu.com\/en\/wp-content\/uploads\/2013\/01\/kurt.jpg?w=320&amp;ssl=1 320w\" sizes=\"(max-width: 200px) 100vw, 200px\" \/><\/p>\n<p style=\"text-align: left;\"><i>\"Empaquet\u00e9s dans<br \/>\nune production ventrue,<br \/>\nles sept titres<br \/>\nde No end in sight<br \/>\npeuvent presque<br \/>\npr\u00e9tendre \u00e0<br \/>\nl\u2019appellation<br \/>\nd\u2019album\"<\/i><br \/>\n<a href=\"http:\/\/bloodredbird.over-blog.com\/article-wonderflu-no-end-in-sight-ep-2013-117269838.html\" class=\"broken_link\">BLOOD RED BIRD<\/a><\/p>\n<p style=\"text-align: right;\"><i>\"basse m\u00e9lodique et virtuose\"<\/i><br \/>\n<a href=\"http:\/\/muziksetcultures.over-blog.fr\/article-no-end-in-sight-wonderflu-117072621.html\">muziketcultures<\/a><\/p>\n<p style=\"text-align: left;\"><i>\"fleure bon le grunge\/power pop des 90\u2032s\"<\/i><br \/>\n<a href=\"http:\/\/www.faderpaper.com\/2013\/04\/07\/indie-playlist-13-hiver-printemps-2013\/\" class=\"broken_link\">Faderpaper<\/a><\/p>\n<p style=\"text-align: right;\"><i>\"un grunge sorti du bois,<br \/>\nbrut et bestial<br \/>\ncomme on en entend peu<br \/>\n\u00e0 l\u2019heure actuelle\"<\/i><br \/>\n<a href=\"http:\/\/www.quai-baco.com\/wonderflu-no-end-in-sight-la-chronique-15552\/\">Quai Baco<\/a><\/p>\n<p style=\"text-align: left;\"><i>\"Il n'y a pas<br \/>\nqu'\u00e0 la paix<br \/>\nqu'il faut laisser<br \/>\nune chance,<br \/>\n\u00e0 Wonderflu aussi\"<\/i><br \/>\n<a href=\"http:\/\/www.musicinbelgium.net\/pl\/modules.php?name=News&amp;file=article&amp;sid=13739\">Music In Belgium<\/a><\/p>\n<p style=\"text-align: right;\"><i>\"un EP qui a la consistance d'un album\"<\/i><br \/>\n<a href=\"http:\/\/www.w-fenec.org\/rock\/wonderflu,6501,lota-schwager.html\">W-Fenec<\/a><\/p>\n<p style=\"text-align: left;\"><i>\"Patchwork d\u2019id\u00e9es\"<\/i><br \/>\n<a href=\"http:\/\/www.longueurdondes.com\/2011\/08\/02\/wonderflu-2\/\">LONGUEUR<br \/>\nD'ONDES<\/a><\/p>\n<p style=\"text-align: right;\"><i>\"Condens\u00e9 d'indie rock\"<\/i><br \/>\n<a href=\"http:\/\/groundcontroltomajortom.typepad.com\/blog\/2010\/10\/wonderflu-lota-schwager-ep-autoproduit-2010.html\">Ground Control To<br \/>\nMajor Tom<\/a><\/p>\n<p style=\"text-align: left;\"><i>\"Chouette d\u00e9couverte\"<\/i><br \/>\n<a href=\"http:\/\/ileftwithoutmyhat.blogspot.com\/2010\/10\/net-emergence-octobre-2010-bumpkin.html\">I Left Without<br \/>\nMy Hat<\/a><\/p>\n<p style=\"text-align: right;\"><i>\"un petit exploit compte tenu de la faiblesse<br \/>\ndes moyens engag\u00e9s\"<\/i><br \/>\n<a href=\"http:\/\/myheadisajukebox.blogspot.com\/2010\/12\/wonderflu-lota-schwager.html\">My Head is a<br \/>\nJukebox<\/a><\/p>\n<p style=\"text-align: left;\"><i>\"peine \u00e0 produire une musique de qualit\u00e9\"<\/i><br \/>\n<a href=\"http:\/\/sonptueux.wordpress.com\/2010\/10\/23\/wonderflu-retour-aux-annees-1990\/\">Du bon son..<br \/>\nou non<\/a><\/p>\n<p style=\"text-align: right;\"><i>\"n'importe quoi\"<\/i><br \/>\n<a href=\"http:\/\/www.clumsybaby.fr\/2010\/12\/02\/ils-mont-envoye-leur-musique-wonderflu\/\">Clumsybaby<\/a><\/p>\n<p style=\"text-align: left;\"><i>\"leur musique pue\"<\/i><br \/>\n<a href=\"http:\/\/www.desinvolt.fr\/2010\/12\/13\/6068-wonderflu\/\">D\u00e9sinvolt<\/a><\/p>\n<p style=\"text-align: right;\"><i>\"Prometteurs mais dissip\u00e9s\"<\/i><br \/>\n<a href=\"http:\/\/www.rockmydays.com\/?p=2457\">ROCK MY DAYS<\/a><\/p>\n<p><em>\"trop propre pour \u00eatre hardcore<br \/>\nmais pas assez convenu pour \u00eatre \u00e9tiquet\u00e9 pop\"<\/em><br \/>\n<a href=\"http:\/\/www.rockmydays.com\/?p=3759\">ROCK MY DAYS<\/a><\/p>\n<p style=\"text-align: right;\"><i>\"le disque s\u2019\u00e9coute sans d\u00e9plaisir<br \/>\nmais sans passion non plus\"<\/i><br \/>\n<a href=\"http:\/\/chipsetrose.blogspot.com\/2011\/01\/wonderflu-lota-schwager-ep.html\">Des Chips et du Ros\u00e9<\/a><\/p>\n<p style=\"text-align: left;\"><i>\"\u00e7a n'apporte [...] pas grand chose\"<\/i><br \/>\n<a href=\"http:\/\/www.positiverage.com\/reviews\/reviews_vrac.html\">positive rage<\/a><\/p>\n<p style=\"text-align: right;\"><i>\"quand vous l\u2019\u00e9coutez<br \/>\napr\u00e8s tout le monde,<br \/>\nvous ne voyez pas pourquoi<br \/>\nles gens en font<br \/>\ntout un foin\"<\/i><br \/>\n<a href=\"http:\/\/www.deadrooster.org\/Les-disques-de-novembre-2011\">Dead Rooster<\/a><\/p>\n<p style=\"text-align: left;\"><em>\"le chanteur semble avoir un gros chat<br \/>\ndans la gorge\"<\/em><br \/>\n<a href=\"http:\/\/dumdum.fr\/album\/chrotweet\/wonderflu\">DumDum<\/a><\/p>\n<div><\/div>\n","protected":false},"excerpt":{"rendered":"<p>&nbsp; &#8220;six titres grungy de coeur et poppy dans l&#8217;\u00e2me&#8221; New Noise &#8220;A part en \u00e9ditant une s\u00e9rie limit\u00e9e contenant des poils de torse de Bob Mould, impossible d&#8217;\u00eatre plus clair que Wonderflu. Leur indie rock tradi, ils le revendiquent et le font d&#8217;une des seules fa\u00e7ons acceptables en 2013 : respectueusement, modestement, et l\u00e9g\u00e8rement&#8221; [&hellip;]<\/p>\n","protected":false},"author":1,"featured_media":2692,"parent":0,"menu_order":0,"comment_status":"closed","ping_status":"closed","template":"","meta":{"jetpack_post_was_ever_published":false,"footnotes":""},"jetpack_sharing_enabled":true,"jetpack_shortlink":"https:\/\/wp.me\/P3pYt6-5J","_links":{"self":[{"href":"https:\/\/www.wonderflu.com\/en\/wp-json\/wp\/v2\/pages\/355"}],"collection":[{"href":"https:\/\/www.wonderflu.com\/en\/wp-json\/wp\/v2\/pages"}],"about":[{"href":"https:\/\/www.wonderflu.com\/en\/wp-json\/wp\/v2\/types\/page"}],"author":[{"embeddable":true,"href":"https:\/\/www.wonderflu.com\/en\/wp-json\/wp\/v2\/users\/1"}],"replies":[{"embeddable":true,"href":"https:\/\/www.wonderflu.com\/en\/wp-json\/wp\/v2\/comments?post=355"}],"version-history":[{"count":2,"href":"https:\/\/www.wonderflu.com\/en\/wp-json\/wp\/v2\/pages\/355\/revisions"}],"predecessor-version":[{"id":3691,"href":"https:\/\/www.wonderflu.com\/en\/wp-json\/wp\/v2\/pages\/355\/revisions\/3691"}],"wp:featuredmedia":[{"embeddable":true,"href":"https:\/\/www.wonderflu.com\/en\/wp-json\/wp\/v2\/media\/2692"}],"wp:attachment":[{"href":"https:\/\/www.wonderflu.com\/en\/wp-json\/wp\/v2\/media?parent=355"}],"curies":[{"name":"wp","href":"https:\/\/api.w.org\/{rel}","templated":true}]}}